
{"id":1491,"date":"2024-03-01T11:13:04","date_gmt":"2024-03-01T10:13:04","guid":{"rendered":"https:\/\/scf.se\/cykelcross\/?page_id=1491"},"modified":"2025-11-19T14:38:13","modified_gmt":"2025-11-19T13:38:13","slug":"sm-cykelcross-2023","status":"publish","type":"page","link":"https:\/\/scf.se\/cykelcross\/sm-cykelcross-2023\/","title":{"rendered":"SM Cykelcross 2024"},"content":{"rendered":"<h3>G\u00e4ller 2024 \u00e5rs Svenska M\u00e4sterskap<\/h3>\n<p>Sverige har dispens p\u00e5 grund av klimatet att inte ha nationellt m\u00e4sterskap i CX i januari, som nationerna utanf\u00f6r Norden har, d\u00e4rav arrangeras 2024 \u00e5rs m\u00e4sterskap i slutet av 2023.<\/p>\n<p>SM arrangeras 25\u201326 november 2023 p\u00e5 Ring Knutstorp med FK Trampen som arrang\u00f6rsklubb med st\u00f6d av organisationen Rocky Sk\u00e5ne.<\/p>\n<p><em><strong>Alla resultat finns <a href=\"https:\/\/www.sportstiming.se\/event\/12474\/results\">h\u00e4r!<\/a><\/strong><\/em><\/p>\n","protected":false},"excerpt":{"rendered":"<p>G\u00e4ller 2024 \u00e5rs Svenska M\u00e4sterskap Sverige har dispens p\u00e5 grund av klimatet att inte ha nationellt m\u00e4sterskap i CX i januari, som nationerna utanf\u00f6r Norden har, d\u00e4rav arrangeras 2024 \u00e5rs m\u00e4sterskap i slutet av 2023. SM arrangeras 25\u201326 november 2023 p\u00e5 Ring Knutstorp med FK Trampen som arrang\u00f6rsklubb med st\u00f6d av organisationen Rocky Sk\u00e5ne.<a href=\"https:\/\/scf.se\/cykelcross\/sm-cykelcross-2023\/\" class=\"news-card__more\"> &#8230;<\/a><\/p>\n","protected":false},"author":58,"featured_media":0,"parent":0,"menu_order":0,"comment_status":"closed","ping_status":"closed","template":"","meta":{"_acf_changed":false,"footnotes":""},"class_list":["post-1491","page","type-page","status-publish","hentry"],"acf":[],"_links":{"self":[{"href":"https:\/\/scf.se\/cykelcross\/wp-json\/wp\/v2\/pages\/1491","targetHints":{"allow":["GET"]}}],"collection":[{"href":"https:\/\/scf.se\/cykelcross\/wp-json\/wp\/v2\/pages"}],"about":[{"href":"https:\/\/scf.se\/cykelcross\/wp-json\/wp\/v2\/types\/page"}],"author":[{"embeddable":true,"href":"https:\/\/scf.se\/cykelcross\/wp-json\/wp\/v2\/users\/58"}],"replies":[{"embeddable":true,"href":"https:\/\/scf.se\/cykelcross\/wp-json\/wp\/v2\/comments?post=1491"}],"version-history":[{"count":1,"href":"https:\/\/scf.se\/cykelcross\/wp-json\/wp\/v2\/pages\/1491\/revisions"}],"predecessor-version":[{"id":2333,"href":"https:\/\/scf.se\/cykelcross\/wp-json\/wp\/v2\/pages\/1491\/revisions\/2333"}],"wp:attachment":[{"href":"https:\/\/scf.se\/cykelcross\/wp-json\/wp\/v2\/media?parent=1491"}],"curies":[{"name":"wp","href":"https:\/\/api.w.org\/{rel}","templated":true}]}}