
{"id":1238,"date":"2023-10-24T17:53:10","date_gmt":"2023-10-24T15:53:10","guid":{"rendered":"http:\/\/scf.se\/cykelcross\/?page_id=1238"},"modified":"2023-10-24T17:53:10","modified_gmt":"2023-10-24T15:53:10","slug":"swe-cup-2023","status":"publish","type":"page","link":"https:\/\/scf.se\/cykelcross\/swe-cup-2023\/","title":{"rendered":"SWE Cup 2023"},"content":{"rendered":"<h2>SWE Cup cykelcross 2023<\/h2>\n<ul>\n<li><strong>23 september:<\/strong> Varberg Cyclocross, SWE Cup #1<br \/>\n<a href=\"https:\/\/www.sportstiming.se\/event\/12923\/results\"><em><strong>Alla resultat fr\u00e5n delt\u00e4vling 1.<\/strong><\/em><\/a><\/li>\n<li><strong>24 september:<\/strong> Varberg Cyclocross, SWE Cup #2<br \/>\n<a href=\"https:\/\/www.sportstiming.se\/event\/12929\/results\"><em><strong>Alla resultat fr\u00e5n delt\u00e4vling 2.<\/strong><\/em><\/a><\/li>\n<li><strong>7 oktober:<\/strong> Fristads Cyclocross Weekend T\u00e4by, SWE Cup #3 (dubbla t\u00e4vlingar f\u00f6r mastersklasser medan Europacup f\u00f6r U17, junior och U23 s\u00f6ndag).<br \/>\n<a href=\"https:\/\/www.sportstiming.se\/event\/13186\/results\"><em><strong>Alla resultat fr\u00e5n delt\u00e4vling 3.<\/strong><\/em><\/a><\/li>\n<li><strong>21 oktober:\u00a0<\/strong> Hagstr\u00f6mska CX i Falun, SWE Cup #4<br \/>\n<a href=\"https:\/\/www.sportstiming.se\/event\/13284\/results\"><em><strong>Alla resultat fr\u00e5n delt\u00e4vling 4.<\/strong><\/em><\/a><\/li>\n<li><strong>22 oktober:\u00a0<\/strong> Hagstr\u00f6mska CX i Falun, SWE Cup #5<br \/>\n<em><strong><a href=\"https:\/\/www.sportstiming.se\/event\/13285\/results\">Alla resultat fr\u00e5n delt\u00e4vling 5.<\/a><br \/>\n<\/strong><a href=\"https:\/\/www.sportstiming.se\/event\/13285\/results\"><strong>SWE Cup 2023, totalst\u00e4llning!<\/strong><\/a><\/em><\/li>\n<\/ul>\n","protected":false},"excerpt":{"rendered":"<p>SWE Cup cykelcross 2023 23 september: Varberg Cyclocross, SWE Cup #1 Alla resultat fr\u00e5n delt\u00e4vling 1. 24 september: Varberg Cyclocross, SWE Cup #2 Alla resultat fr\u00e5n delt\u00e4vling 2. 7 oktober: Fristads Cyclocross Weekend T\u00e4by, SWE Cup #3 (dubbla t\u00e4vlingar f\u00f6r mastersklasser medan Europacup f\u00f6r U17, junior och U23 s\u00f6ndag). Alla resultat fr\u00e5n delt\u00e4vling 3.<a href=\"https:\/\/scf.se\/cykelcross\/swe-cup-2023\/\" class=\"news-card__more\"> &#8230;<\/a><\/p>\n","protected":false},"author":41,"featured_media":0,"parent":0,"menu_order":0,"comment_status":"closed","ping_status":"closed","template":"","meta":{"_acf_changed":false,"footnotes":""},"class_list":["post-1238","page","type-page","status-publish","hentry"],"acf":[],"_links":{"self":[{"href":"https:\/\/scf.se\/cykelcross\/wp-json\/wp\/v2\/pages\/1238","targetHints":{"allow":["GET"]}}],"collection":[{"href":"https:\/\/scf.se\/cykelcross\/wp-json\/wp\/v2\/pages"}],"about":[{"href":"https:\/\/scf.se\/cykelcross\/wp-json\/wp\/v2\/types\/page"}],"author":[{"embeddable":true,"href":"https:\/\/scf.se\/cykelcross\/wp-json\/wp\/v2\/users\/41"}],"replies":[{"embeddable":true,"href":"https:\/\/scf.se\/cykelcross\/wp-json\/wp\/v2\/comments?post=1238"}],"version-history":[{"count":0,"href":"https:\/\/scf.se\/cykelcross\/wp-json\/wp\/v2\/pages\/1238\/revisions"}],"wp:attachment":[{"href":"https:\/\/scf.se\/cykelcross\/wp-json\/wp\/v2\/media?parent=1238"}],"curies":[{"name":"wp","href":"https:\/\/api.w.org\/{rel}","templated":true}]}}