
{"id":995,"date":"2023-05-16T11:25:38","date_gmt":"2023-05-16T09:25:38","guid":{"rendered":"http:\/\/scf.se\/bmx\/?page_id=995"},"modified":"2023-09-26T11:53:42","modified_gmt":"2023-09-26T09:53:42","slug":"swe-cup-2023","status":"publish","type":"page","link":"https:\/\/scf.se\/bmx\/swe-cup-2023\/","title":{"rendered":"SWE Cup 2023"},"content":{"rendered":"<h3>SWE Cup\/Sverigeserien och SM i BMX 2023<\/h3>\n<ul>\n<li><strong>6\u20137 maj<\/strong>: SWE Cup 1 och 2 i Malm\u00f6.<br \/>\n<a href=\"https:\/\/scf.se\/bmx\/wp-content\/uploads\/sites\/3\/2023\/05\/swecup1-resultat.pdf\"><em><strong>Resultat, f\u00f6rsta delt\u00e4vlingen.<\/strong><\/em><\/a><br \/>\n<a href=\"https:\/\/scf.se\/bmx\/wp-content\/uploads\/sites\/3\/2023\/05\/swecup2-resultat.pdf\"><em><strong>Resultat, andra delt\u00e4vlingen.<\/strong><\/em><\/a><\/li>\n<li><strong>13\u201314 maj<\/strong>: SWE Cup 3 och 4 i Lerum.<br \/>\n<a href=\"https:\/\/scf.se\/bmx\/wp-content\/uploads\/sites\/3\/2023\/05\/SweCUP-och-Sverigeserien-3-resultat-Lordag.pdf\"><em><strong>Resultat, tredje delt\u00e4vlingen.<\/strong><\/em><\/a><br \/>\n<a href=\"https:\/\/scf.se\/bmx\/wp-content\/uploads\/sites\/3\/2023\/05\/SweCUP-och-Sverigeserien-4-resultat-Sondag.pdf\"><em><strong>Resultat, fj\u00e4rde delt\u00e4vlingen.<\/strong><\/em><\/a><\/li>\n<li><strong>23\u201324 september: <\/strong>SWE Cup 5 och 6, M\u00e4rsta.<br \/>\n<a href=\"https:\/\/scf.se\/bmx\/wp-content\/uploads\/sites\/3\/2023\/09\/Slutresultat-delta\u0308vling-5.pdf\"><em><strong>Resultat, femte delt\u00e4vlingen.<\/strong><\/em><\/a><br \/>\n<a href=\"https:\/\/scf.se\/bmx\/wp-content\/uploads\/sites\/3\/2023\/09\/Resultat-delta\u0308vling-6.pdf\"><em><strong>Resultat, sj\u00e4tte delt\u00e4vlingen.<\/strong><\/em><\/a><br \/>\n<a href=\"https:\/\/scf.se\/bmx\/wp-content\/uploads\/sites\/3\/2023\/09\/Resultat-delta\u0308vling-6.pdf\"><em><strong>Totalst\u00e4llningen efter sex delt\u00e4vlingar.<\/strong><\/em><\/a><\/li>\n<li><strong>7 oktober:<\/strong> SWE Cup 7, \u00c4ngelholm.<\/li>\n<\/ul>\n","protected":false},"excerpt":{"rendered":"<p>SWE Cup\/Sverigeserien och SM i BMX 2023 6\u20137 maj: SWE Cup 1 och 2 i Malm\u00f6. Resultat, f\u00f6rsta delt\u00e4vlingen. Resultat, andra delt\u00e4vlingen. 13\u201314 maj: SWE Cup 3 och 4 i Lerum. Resultat, tredje delt\u00e4vlingen. Resultat, fj\u00e4rde delt\u00e4vlingen. 23\u201324 september: SWE Cup 5 och 6, M\u00e4rsta. Resultat, femte delt\u00e4vlingen. Resultat, sj\u00e4tte delt\u00e4vlingen. Totalst\u00e4llningen efter sex<a href=\"https:\/\/scf.se\/bmx\/swe-cup-2023\/\" class=\"news-card__more\"> &#8230;<\/a><\/p>\n","protected":false},"author":41,"featured_media":0,"parent":0,"menu_order":0,"comment_status":"closed","ping_status":"closed","template":"","meta":{"_acf_changed":false,"footnotes":""},"class_list":["post-995","page","type-page","status-publish","hentry"],"acf":[],"_links":{"self":[{"href":"https:\/\/scf.se\/bmx\/wp-json\/wp\/v2\/pages\/995","targetHints":{"allow":["GET"]}}],"collection":[{"href":"https:\/\/scf.se\/bmx\/wp-json\/wp\/v2\/pages"}],"about":[{"href":"https:\/\/scf.se\/bmx\/wp-json\/wp\/v2\/types\/page"}],"author":[{"embeddable":true,"href":"https:\/\/scf.se\/bmx\/wp-json\/wp\/v2\/users\/41"}],"replies":[{"embeddable":true,"href":"https:\/\/scf.se\/bmx\/wp-json\/wp\/v2\/comments?post=995"}],"version-history":[{"count":0,"href":"https:\/\/scf.se\/bmx\/wp-json\/wp\/v2\/pages\/995\/revisions"}],"wp:attachment":[{"href":"https:\/\/scf.se\/bmx\/wp-json\/wp\/v2\/media?parent=995"}],"curies":[{"name":"wp","href":"https:\/\/api.w.org\/{rel}","templated":true}]}}