
{"id":78,"date":"2026-04-09T14:30:53","date_gmt":"2026-04-09T12:30:53","guid":{"rendered":"http:\/\/svenskcykel.grandpublic.se\/bmx\/?page_id=78"},"modified":"2026-04-18T11:57:31","modified_gmt":"2026-04-18T09:57:31","slug":"borja-cykla","status":"publish","type":"page","link":"https:\/\/scf.se\/bmx\/borja-cykla\/","title":{"rendered":"B\u00f6rja cykla BMX"},"content":{"rendered":"<h3>BMX Racing<\/h3>\n<a href=\"https:\/\/scf.se\/bmx\/wp-content\/uploads\/sites\/3\/2020\/09\/einar.jpg\"><img loading=\"lazy\" decoding=\"async\" class=\"alignnone size-medium wp-image-650\" src=\"https:\/\/scf.se\/bmx\/wp-content\/uploads\/sites\/3\/2020\/09\/einar-300x200.jpg\" alt=\"\" width=\"300\" height=\"200\" srcset=\"https:\/\/scf.se\/bmx\/wp-content\/uploads\/sites\/3\/2020\/09\/einar-300x200.jpg 300w, https:\/\/scf.se\/bmx\/wp-content\/uploads\/sites\/3\/2020\/09\/einar-768x512.jpg 768w, https:\/\/scf.se\/bmx\/wp-content\/uploads\/sites\/3\/2020\/09\/einar.jpg 960w\" sizes=\"auto, (max-width: 300px) 100vw, 300px\" \/><\/a>\n<blockquote><p>En sport d\u00e4r man t\u00e4vlar \u00e5tta personer, styre mot styre under 400 meter \u00f6ver hopp och doserade kurvor.<\/p><\/blockquote>\n<p>BMX racing startade i Sverige 1983 men kom ig\u00e5ng p\u00e5 allvar 1984. Sporten v\u00e4nder sig till flickor, pojkar, damer och herrar. \u00c5tta cyklister t\u00e4vlar p\u00e5 enkelt utrustade specialcyklar och k\u00f6r p\u00e5 en specialbyggd bana som \u00e4r c:a 350 meter. Man k\u00f6r en banl\u00e4ngd (ett varv). Banan har flera kurvor, b\u00e5de l\u00e5nga och tv\u00e4ra, dessutom har banan flera hinder som ska passeras s\u00e5 snabbt och effektivt som m\u00f6jligt. T\u00e4vlingen k\u00f6rs i tre kvalificeringsheat, semifinal och A- och B-final. Sporten \u00e4r fartfylld och underh\u00e5llande och har f\u00e5tt ett stort uppsving sedan sporten blev officiell OS-gren 2008.<\/p>\n<p>I Sverige finns det i nul\u00e4get tio t\u00e4vlingsbanor med nio aktiva klubbar. Nedan finns l\u00e4nkar till klubbarna f\u00f6r att l\u00e4sa mer och komma ig\u00e5ng med att cykla BMX.<\/p>\n<ul>\n<li><a href=\"https:\/\/idrottonline.se\/KungsbackaBMX-Klubb-Cykel\/\" target=\"_blank\" rel=\"noopener noreferrer\">Kungsbacka<\/a><\/li>\n<li><a href=\"http:\/\/www.lerumscykelklubb.se\/\" target=\"_blank\" rel=\"noopener noreferrer\">Lerum<\/a><\/li>\n<li><a href=\"http:\/\/www.marstabmx.se\" target=\"_blank\" rel=\"noopener noreferrer\">M\u00e4rsta<\/a><\/li>\n<li><a href=\"http:\/\/www2.idrottonline.se\/SMKUppsala-Cykel\/\">Uppsala<\/a><\/li>\n<li><a href=\"https:\/\/alvsjobmx.com\/\">\u00c4lvsj\u00f6<\/a><\/li>\n<li><a href=\"http:\/\/www.ebmx.se\">\u00c4ngelholm<\/a><\/li>\n<li><a href=\"https:\/\/malmobmxracing.se\">Malm\u00f6<\/a><\/li>\n<li><a href=\"https:\/\/motorklubbenorion.klubbenonline.se\/bmx\" target=\"_blank\" rel=\"noopener noreferrer\">Hallstavik<\/a><\/li>\n<li><a href=\"https:\/\/www.osthammarsmk.se\/\" target=\"_blank\" rel=\"noopener noreferrer\">\u00d6sthammar<\/a><\/li>\n<\/ul>\n<p>Svenska klubbar st\u00e4ller krav p\u00e5 t\u00e4vlingslicens f\u00f6r att f\u00e5 delta i f\u00f6reningarnas tr\u00e4nings och t\u00e4vlingsverksamhet. F\u00f6ljande t\u00e4vlingslicenser rekommenderas utifr\u00e5n \u00e5lder:<\/p>\n<p>0-10 \u00e5r &#8211; Under 11 (U11) licens<br \/>\n11-16 \u00e5r &#8211; Youth licens<br \/>\n17-18 \u00e5r &#8211; Junior licens<br \/>\n19+ \u00e5r &#8211; Elit licens<br \/>\n30+ \u00e5r &#8211; Masterlicens<\/p>\n<hr \/>\n<h3>BMX Freestyle Park<\/h3>\n<h3><a href=\"https:\/\/scf.se\/bmx\/wp-content\/uploads\/sites\/3\/2019\/11\/71037550_2363484590582561_4770029608521170944_o-1-1.jpg\"><img loading=\"lazy\" decoding=\"async\" class=\"alignnone size-medium wp-image-636\" src=\"https:\/\/scf.se\/bmx\/wp-content\/uploads\/sites\/3\/2019\/11\/71037550_2363484590582561_4770029608521170944_o-1-1-300x200.jpg\" alt=\"\" width=\"300\" height=\"200\" srcset=\"https:\/\/scf.se\/bmx\/wp-content\/uploads\/sites\/3\/2019\/11\/71037550_2363484590582561_4770029608521170944_o-1-1-300x200.jpg 300w, https:\/\/scf.se\/bmx\/wp-content\/uploads\/sites\/3\/2019\/11\/71037550_2363484590582561_4770029608521170944_o-1-1-768x512.jpg 768w, https:\/\/scf.se\/bmx\/wp-content\/uploads\/sites\/3\/2019\/11\/71037550_2363484590582561_4770029608521170944_o-1-1-1024x683.jpg 1024w, https:\/\/scf.se\/bmx\/wp-content\/uploads\/sites\/3\/2019\/11\/71037550_2363484590582561_4770029608521170944_o-1-1.jpg 1920w\" sizes=\"auto, (max-width: 300px) 100vw, 300px\" \/><\/a><\/h3>\n<blockquote><p>En spektakul\u00e4r, publikfriande sport som ut\u00f6vas b\u00e5de inomhus och utomhus p\u00e5 ramper med stora transitions och med stora hinder.<\/p><\/blockquote>\n<p><span class=\"s1\">De t\u00e4vlande g\u00f6r tricks som bed\u00f6ms av ett antal domare, utifr\u00e5n sv\u00e5righeter, originalitet, stil och genomf\u00f6rande. BMX Freestyle Park kommer att bli en OS-gren 2021.<\/span><\/p>\n<p>I Sverige finns det i nul\u00e4get fyra aktiv klubbar anslutna till SCF, men det finns m\u00e5nga parker och hallar runt om i landet som passar f\u00f6r BMX Freestyle Park. Nedan finns l\u00e4nkar till SCF klubbarna, d\u00e4r du kan l\u00e4sa mer och komma ig\u00e5ng med att cykla BMX Freestyle Park.<\/p>\n<ul>\n<li><a href=\"https:\/\/drakstaden.com\" target=\"_blank\" rel=\"noopener noreferrer\">Sundsvall<\/a><\/li>\n<li><a href=\"https:\/\/www.laget.se\/hebyBMX\" target=\"_blank\" rel=\"noopener noreferrer\">Heby<\/a><\/li>\n<li><a href=\"http:\/\/www2.idrottonline.se\/SMKUppsala-Cykel\/\">Uppsala<\/a><\/li>\n<li><a href=\"https:\/\/kfumgoteborg.se\" target=\"_blank\" rel=\"noopener noreferrer\">G\u00f6teborg<\/a><\/li>\n<\/ul>\n<p>Vill du komma i kontakt med grengruppen f\u00f6r BMX?\u00a0Mejla till <a style=\"background-attachment: scroll; background-color: transparent; background-image: none; background-size: auto; color: #0099ff; quot;quot;,sans-serif;font-size: 16px; font-style: normal; font-variant: normal; font-weight: 300; letter-spacing: normal; text-align: left; text-decoration: none; text-indent: 0px; text-transform: none;\">bmx@scf.se<\/a>\u00a0eller ta kontakt med dem via deras f\u00f6reningar. <a href=\"https:\/\/scf.se\/forbundet\/om-forbundet\/grengrupper-och-kommitteer\/\">L\u00e4s mer om vilka som ing\u00e5r i grengruppen<\/a><span style=\"float: none; background-color: transparent; color: #333333; font-family: 'museo-sans',sans-serif; font-size: 16px; font-style: normal; font-variant: normal; font-weight: 300; letter-spacing: normal; text-align: left; text-decoration: none; text-indent: 0px; text-transform: none;\">.<\/span><\/p>\n<p><span style=\"color: #ff0000;\"><span style=\"color: #000000;\">L\u00e4s om cykelsportens alla grenar<\/span> <a style=\"color: #ff0000;\" href=\"https:\/\/scf.se\/forbundet\/borja-cykla\/\">h\u00e4r<\/a>! <\/span><\/p>\n<p>&nbsp;<\/p>\n","protected":false},"excerpt":{"rendered":"<p>BMX Racing En sport d\u00e4r man t\u00e4vlar \u00e5tta personer, styre mot styre under 400 meter \u00f6ver hopp och doserade kurvor. BMX racing startade i Sverige 1983 men kom ig\u00e5ng p\u00e5 allvar 1984. Sporten v\u00e4nder sig till flickor, pojkar, damer och herrar. \u00c5tta cyklister t\u00e4vlar p\u00e5 enkelt utrustade specialcyklar och k\u00f6r p\u00e5 en specialbyggd bana<a href=\"https:\/\/scf.se\/bmx\/borja-cykla\/\" class=\"news-card__more\"> &#8230;<\/a><\/p>\n","protected":false},"author":32,"featured_media":0,"parent":0,"menu_order":0,"comment_status":"closed","ping_status":"closed","template":"","meta":{"_acf_changed":false,"footnotes":""},"class_list":["post-78","page","type-page","status-publish","hentry"],"acf":[],"_links":{"self":[{"href":"https:\/\/scf.se\/bmx\/wp-json\/wp\/v2\/pages\/78","targetHints":{"allow":["GET"]}}],"collection":[{"href":"https:\/\/scf.se\/bmx\/wp-json\/wp\/v2\/pages"}],"about":[{"href":"https:\/\/scf.se\/bmx\/wp-json\/wp\/v2\/types\/page"}],"author":[{"embeddable":true,"href":"https:\/\/scf.se\/bmx\/wp-json\/wp\/v2\/users\/32"}],"replies":[{"embeddable":true,"href":"https:\/\/scf.se\/bmx\/wp-json\/wp\/v2\/comments?post=78"}],"version-history":[{"count":5,"href":"https:\/\/scf.se\/bmx\/wp-json\/wp\/v2\/pages\/78\/revisions"}],"predecessor-version":[{"id":2241,"href":"https:\/\/scf.se\/bmx\/wp-json\/wp\/v2\/pages\/78\/revisions\/2241"}],"wp:attachment":[{"href":"https:\/\/scf.se\/bmx\/wp-json\/wp\/v2\/media?parent=78"}],"curies":[{"name":"wp","href":"https:\/\/api.w.org\/{rel}","templated":true}]}}