
{"id":560,"date":"2019-06-25T10:34:39","date_gmt":"2019-06-25T08:34:39","guid":{"rendered":"http:\/\/scf.se\/bmx\/?page_id=560"},"modified":"2021-01-06T18:40:49","modified_gmt":"2021-01-06T17:40:49","slug":"sm-bmx-2019","status":"publish","type":"page","link":"https:\/\/scf.se\/bmx\/tavling\/masterskap\/sm-bmx-2019\/","title":{"rendered":"SM BMX 2019"},"content":{"rendered":"<h3><a href=\"https:\/\/solidsport.com\/scf\/watch\/sm-bmx-live-fran-malmo\" target=\"_blank\" rel=\"noopener noreferrer\">Solidsport.com s\u00e4ndning fr\u00e5n SM: BMX Racing Malm\u00f6 2019<\/a><\/h3>\n<p>Repris: 2019-07-06<\/p>\n<div id=\"attachment_599\" class=\"wp-caption alignleft\" ><a href=\"https:\/\/scf.se\/bmx\/wp-content\/uploads\/sites\/3\/2019\/06\/SM-banan-2019-Malm\u00f6-BMX.jpg\"><img loading=\"lazy\" decoding=\"async\" class=\"size-post-small wp-image-599\" src=\"https:\/\/scf.se\/bmx\/wp-content\/uploads\/sites\/3\/2019\/06\/SM-banan-2019-Malm\u00f6-BMX-740x462.jpg\" alt=\"\" width=\"740\" height=\"462\" \/><\/a><p class=\"wp-caption-text\">Banan klar f\u00f6r SM 2019 som arrangeras av Malm\u00f6 BMX<\/p><\/div>\n<p>Den 6 juli h\u00e5lls SM p\u00e5 BMX-bana i Malm\u00f6, arrangerat av Malm\u00f6 BMX Racing. Det \u00e4r n\u00e5gra \u00e5r sedan klubben arrangerade SM, s\u00e5 det blir en ny m\u00e4sterskapsarena f\u00f6r de yngre cyklisterna.<\/p>\n<p><a href=\"https:\/\/scf.se\/bmx\/sm-bmx-6-juli-2019\/\">L\u00e4s mer h\u00e4r<\/a><\/p>\n<p>&nbsp;<\/p>\n","protected":false},"excerpt":{"rendered":"<p>Solidsport.com s\u00e4ndning fr\u00e5n SM: BMX Racing Malm\u00f6 2019 Repris: 2019-07-06 Den 6 juli h\u00e5lls SM p\u00e5 BMX-bana i Malm\u00f6, arrangerat av Malm\u00f6 BMX Racing. Det \u00e4r n\u00e5gra \u00e5r sedan klubben arrangerade SM, s\u00e5 det blir en ny m\u00e4sterskapsarena f\u00f6r de yngre cyklisterna. L\u00e4s mer h\u00e4r &nbsp;<\/p>\n","protected":false},"author":2,"featured_media":0,"parent":86,"menu_order":0,"comment_status":"closed","ping_status":"closed","template":"","meta":{"_acf_changed":false,"footnotes":""},"class_list":["post-560","page","type-page","status-publish","hentry"],"acf":[],"_links":{"self":[{"href":"https:\/\/scf.se\/bmx\/wp-json\/wp\/v2\/pages\/560","targetHints":{"allow":["GET"]}}],"collection":[{"href":"https:\/\/scf.se\/bmx\/wp-json\/wp\/v2\/pages"}],"about":[{"href":"https:\/\/scf.se\/bmx\/wp-json\/wp\/v2\/types\/page"}],"author":[{"embeddable":true,"href":"https:\/\/scf.se\/bmx\/wp-json\/wp\/v2\/users\/2"}],"replies":[{"embeddable":true,"href":"https:\/\/scf.se\/bmx\/wp-json\/wp\/v2\/comments?post=560"}],"version-history":[{"count":0,"href":"https:\/\/scf.se\/bmx\/wp-json\/wp\/v2\/pages\/560\/revisions"}],"up":[{"embeddable":true,"href":"https:\/\/scf.se\/bmx\/wp-json\/wp\/v2\/pages\/86"}],"wp:attachment":[{"href":"https:\/\/scf.se\/bmx\/wp-json\/wp\/v2\/media?parent=560"}],"curies":[{"name":"wp","href":"https:\/\/api.w.org\/{rel}","templated":true}]}}