
{"id":264,"date":"2016-01-24T11:24:57","date_gmt":"2016-01-24T10:24:57","guid":{"rendered":"http:\/\/svenskcykel.grandpublic.se\/bmx\/?page_id=264"},"modified":"2021-01-06T17:59:20","modified_gmt":"2021-01-06T16:59:20","slug":"dokument","status":"publish","type":"page","link":"https:\/\/scf.se\/bmx\/dokument\/","title":{"rendered":"Dokument"},"content":{"rendered":"<h2>Tr\u00e4ning<\/h2>\n<ul>\n<li><a href=\"https:\/\/scf.se\/bmx\/wp-content\/uploads\/sites\/3\/2016\/01\/BMX_Tr-ningskompendium_2014-2.pdf\" rel=\"\">BMX Tr\u00e4ningskompendium<\/a><\/li>\n<\/ul>\n<h2>T\u00e4vling<\/h2>\n<ul>\n<li><a href=\"https:\/\/scf.se\/bmx\/wp-content\/uploads\/sites\/3\/2021\/01\/Startnummer-Jan-2021.pdf\" target=\"_blank\" rel=\"noopener noreferrer\">Startnummerlista BMX Racing 2021<\/a><\/li>\n<li><a href=\"https:\/\/scf.se\/bmx\/wp-content\/uploads\/sites\/3\/2016\/01\/Mall-T\u00e4vlingsanm\u00e4lan-2.xlsx\" rel=\"\">Mall T\u00e4vlingsanm\u00e4lan<\/a><\/li>\n<\/ul>\n<h2>Resultat<\/h2>\n<p>2020<\/p>\n<ul>\n<li><a href=\"https:\/\/www.swecyclingonline.se\/api\/v1\/fil\/\/bilagor\/16d48ef7-3dfb-4602-ac47-f85c4d0b9e6e\">SM\/USM\/Cruiser 24&#8243; 2020 (del1)<\/a><\/li>\n<li><a href=\"https:\/\/www.swecyclingonline.se\/api\/v1\/fil\/\/bilagor\/742db8db-9662-45b7-a7c8-e93f9b776427\">SM\/USM\/Cruiser 24&#8243; 2020 (del2)<\/a><\/li>\n<\/ul>\n<p>2019<\/p>\n<ul>\n<li><a href=\"https:\/\/scf.se\/bmx\/wp-content\/uploads\/sites\/3\/2019\/09\/SM-BMX-Racing-Resultat-2019.pdf\">SM\/USM\/VSM BMX Racing 2019<\/a><\/li>\n<li><a href=\"https:\/\/scf.se\/bmx\/wp-content\/uploads\/sites\/3\/2019\/09\/Cuptotal-SWE-cup-Sverigeserien-2019.pdf\" target=\"_blank\" rel=\"noopener noreferrer\">SWE-Cup &#8211; Sverigeserien 2019<\/a><\/li>\n<\/ul>\n<p>2018<\/p>\n<ul>\n<li><a href=\"https:\/\/scf.se\/bmx\/wp-content\/uploads\/sites\/3\/2019\/09\/Resultatlista-BMX-SM-JSM-VSM-2018.pdf\">SM\/USM\/VSM BMX Racing 2018<\/a><\/li>\n<li><a href=\"https:\/\/scf.se\/bmx\/wp-content\/uploads\/sites\/3\/2018\/10\/SWEcup-Sverigeserien_Cuptotal_efter_delt\u00e4vling4_2018_Malmo.pdf\" target=\"_blank\" rel=\"noopener noreferrer\">SWE-Cup &#8211; Sverigeserien<\/a><a href=\"https:\/\/scf.se\/bmx\/wp-content\/uploads\/sites\/3\/2018\/10\/SWEcup-Sverigeserien_Cuptotal_efter_delt\u00e4vling4_2018_Malmo.pdf\" target=\"_blank\" rel=\"noopener noreferrer\">\u00a02018<\/a><\/li>\n<\/ul>\n<p>2017<\/p>\n<ul>\n<li><a href=\"https:\/\/scf.se\/bmx\/wp-content\/uploads\/sites\/3\/2019\/09\/Resultat-USM-VSM-2017.pdf\">USM\/VSM BMX Racing 2017<\/a><\/li>\n<\/ul>\n<p>2016<\/p>\n<ul>\n<li><a href=\"https:\/\/scf.se\/bmx\/wp-content\/uploads\/sites\/3\/2016\/01\/Resultat-efter-SWE-Cup-2-1.pdf\">Resultat efter SWE-Cup 2<\/a><\/li>\n<li><a href=\"https:\/\/scf.se\/bmx\/wp-content\/uploads\/sites\/3\/2016\/01\/Resultat-efter-Utmanarcup-2.pdf\">Resultat efter Utmanarcup 2<\/a><\/li>\n<\/ul>\n<h2>Diverse<\/h2>\n<ul>\n<li><a href=\"https:\/\/scf.se\/bmx\/wp-content\/uploads\/sites\/3\/2018\/12\/SCF_BMX-Nyhetsbrev-Q4-2018.pdf\">Informationsbrev grengrupp BMX december 2018<\/a><\/li>\n<li><a href=\"https:\/\/scf.se\/bmx\/wp-content\/uploads\/sites\/3\/2016\/01\/F\u00f6rsta-informationsbrevet-1.docx\">Informationsbrev grengrupp BMX mars 2016<\/a><\/li>\n<li><a href=\"https:\/\/scf.se\/bmx\/wp-content\/uploads\/sites\/3\/2016\/01\/M\u00f6tesanteckningar-BMX-forum-10-okt-2015.pdf\">M\u00f6tesanteckningar BMX forum 10 okt 2015<\/a><\/li>\n<\/ul>\n","protected":false},"excerpt":{"rendered":"<p>Tr\u00e4ning BMX Tr\u00e4ningskompendium T\u00e4vling Startnummerlista BMX Racing 2021 Mall T\u00e4vlingsanm\u00e4lan Resultat 2020 SM\/USM\/Cruiser 24&#8243; 2020 (del1) SM\/USM\/Cruiser 24&#8243; 2020 (del2) 2019 SM\/USM\/VSM BMX Racing 2019 SWE-Cup &#8211; Sverigeserien 2019 2018 SM\/USM\/VSM BMX Racing 2018 SWE-Cup &#8211; Sverigeserien\u00a02018 2017 USM\/VSM BMX Racing 2017 2016 Resultat efter SWE-Cup 2 Resultat efter Utmanarcup 2 Diverse Informationsbrev grengrupp<a href=\"https:\/\/scf.se\/bmx\/dokument\/\" class=\"news-card__more\"> &#8230;<\/a><\/p>\n","protected":false},"author":2,"featured_media":0,"parent":0,"menu_order":0,"comment_status":"closed","ping_status":"closed","template":"","meta":{"_acf_changed":false,"footnotes":""},"class_list":["post-264","page","type-page","status-publish","hentry"],"acf":[],"_links":{"self":[{"href":"https:\/\/scf.se\/bmx\/wp-json\/wp\/v2\/pages\/264","targetHints":{"allow":["GET"]}}],"collection":[{"href":"https:\/\/scf.se\/bmx\/wp-json\/wp\/v2\/pages"}],"about":[{"href":"https:\/\/scf.se\/bmx\/wp-json\/wp\/v2\/types\/page"}],"author":[{"embeddable":true,"href":"https:\/\/scf.se\/bmx\/wp-json\/wp\/v2\/users\/2"}],"replies":[{"embeddable":true,"href":"https:\/\/scf.se\/bmx\/wp-json\/wp\/v2\/comments?post=264"}],"version-history":[{"count":0,"href":"https:\/\/scf.se\/bmx\/wp-json\/wp\/v2\/pages\/264\/revisions"}],"wp:attachment":[{"href":"https:\/\/scf.se\/bmx\/wp-json\/wp\/v2\/media?parent=264"}],"curies":[{"name":"wp","href":"https:\/\/api.w.org\/{rel}","templated":true}]}}