
{"id":1830,"date":"2025-05-07T11:27:27","date_gmt":"2025-05-07T09:27:27","guid":{"rendered":"https:\/\/scf.se\/bmx\/?page_id=1830"},"modified":"2025-05-07T11:28:16","modified_gmt":"2025-05-07T09:28:16","slug":"swe-cup-2024","status":"publish","type":"page","link":"https:\/\/scf.se\/bmx\/swe-cup-2024\/","title":{"rendered":"SWE Cup 2025"},"content":{"rendered":"<h2>SWE Cup, Sverigeserien och SM 2025<\/h2>\n<ul>\n<li><strong>24 maj:<\/strong> SWE Cup \/ Sverigeserien BMX Racing #1 Lerum<\/li>\n<li><strong>25 maj:<\/strong> SWE Cup \/ Sverigeserien BMX Racing #2 Lerum<\/li>\n<li><strong>5 juli:<\/strong> SCF Svenska M\u00e4sterskapen BMX Racing, \u00c4ngelholm, Engelholms BMX-klubb<\/li>\n<li><strong>5 juli:<\/strong> Sverigeserien #3 BMX Racing, \u00c4ngelholm, Engelholms BMX-klubb<\/li>\n<li><strong>6 juli:<\/strong> SWE Cup BMX Racing #3, \u00c4ngelholm, Engelholms BMX-klubb<\/li>\n<li><strong>20 september:<\/strong> SWE Cup \/ Sverigeserien BMX Racing #4, Uppsala<\/li>\n<li><strong>21 september:<\/strong> SWE Cup \/ Sverigeserien BMX Racing #5 Stockholm, \u00c4lvsj\u00f6 BMX-klubb<\/li>\n<li><strong>4 oktober:<\/strong> SWE Cup \/ Sverigeserien BMX Racing #6 Malm\u00f6<\/li>\n<\/ul>\n<h3>Mera info och l\u00e4nkar till anm\u00e4lan till samtliga t\u00e4vlingar: <a href=\"https:\/\/www.swecyclingonline.se\/\"><em><strong>https:\/\/www.swecyclingonline.se\/<\/strong><\/em><\/a><\/h3>\n","protected":false},"excerpt":{"rendered":"<p>SWE Cup, Sverigeserien och SM 2025 24 maj: SWE Cup \/ Sverigeserien BMX Racing #1 Lerum 25 maj: SWE Cup \/ Sverigeserien BMX Racing #2 Lerum 5 juli: SCF Svenska M\u00e4sterskapen BMX Racing, \u00c4ngelholm, Engelholms BMX-klubb 5 juli: Sverigeserien #3 BMX Racing, \u00c4ngelholm, Engelholms BMX-klubb 6 juli: SWE Cup BMX Racing #3, \u00c4ngelholm, Engelholms<a href=\"https:\/\/scf.se\/bmx\/swe-cup-2024\/\" class=\"news-card__more\"> &#8230;<\/a><\/p>\n","protected":false},"author":41,"featured_media":0,"parent":0,"menu_order":0,"comment_status":"closed","ping_status":"closed","template":"","meta":{"_acf_changed":false,"footnotes":""},"class_list":["post-1830","page","type-page","status-publish","hentry"],"acf":[],"_links":{"self":[{"href":"https:\/\/scf.se\/bmx\/wp-json\/wp\/v2\/pages\/1830","targetHints":{"allow":["GET"]}}],"collection":[{"href":"https:\/\/scf.se\/bmx\/wp-json\/wp\/v2\/pages"}],"about":[{"href":"https:\/\/scf.se\/bmx\/wp-json\/wp\/v2\/types\/page"}],"author":[{"embeddable":true,"href":"https:\/\/scf.se\/bmx\/wp-json\/wp\/v2\/users\/41"}],"replies":[{"embeddable":true,"href":"https:\/\/scf.se\/bmx\/wp-json\/wp\/v2\/comments?post=1830"}],"version-history":[{"count":2,"href":"https:\/\/scf.se\/bmx\/wp-json\/wp\/v2\/pages\/1830\/revisions"}],"predecessor-version":[{"id":1832,"href":"https:\/\/scf.se\/bmx\/wp-json\/wp\/v2\/pages\/1830\/revisions\/1832"}],"wp:attachment":[{"href":"https:\/\/scf.se\/bmx\/wp-json\/wp\/v2\/media?parent=1830"}],"curies":[{"name":"wp","href":"https:\/\/api.w.org\/{rel}","templated":true}]}}