
{"id":92,"date":"2015-11-09T15:31:54","date_gmt":"2015-11-09T14:31:54","guid":{"rendered":"http:\/\/svenskcykel.grandpublic.se\/bancykel\/?page_id=92"},"modified":"2016-01-26T13:22:16","modified_gmt":"2016-01-26T12:22:16","slug":"borja-cykla","status":"publish","type":"page","link":"https:\/\/scf.se\/bancykel\/borja-cykla\/","title":{"rendered":"B\u00f6rja cykla"},"content":{"rendered":"<blockquote><p>Cykeltr\u00e4ning och cykelt\u00e4vling \u00e4r en lek \u2013 en kul och utvecklande lek! Det \u00e4r roligt att f\u00e5 dela cykelupplevelserna med andra och genom cykling kan man f\u00e5 s\u00e5 m\u00e5nga, fina v\u00e4nner \u2013 i alla \u00e5ldrar! \u00a0Det finns plats f\u00f6r s\u00e5 m\u00e5nga fler i v\u00e5r sport! Svensk cykel \u00e4r till f\u00f6r att ALLA, oavsett k\u00f6n, h\u00e4rkomst, \u00e5lder och f\u00f6ruts\u00e4ttningar, ska kunna cykla p\u00e5 lika villkor!<\/p>\n<p>Lena Alfv\u00e9n, generalsekreterare<\/p><\/blockquote>\n","protected":false},"excerpt":{"rendered":"<p>Cykeltr\u00e4ning och cykelt\u00e4vling \u00e4r en lek \u2013 en kul och utvecklande lek! Det \u00e4r roligt att f\u00e5 dela cykelupplevelserna med andra och genom cykling kan man f\u00e5 s\u00e5 m\u00e5nga, fina v\u00e4nner \u2013 i alla \u00e5ldrar! \u00a0Det finns plats f\u00f6r s\u00e5 m\u00e5nga fler i v\u00e5r sport! Svensk cykel \u00e4r till f\u00f6r att ALLA, oavsett k\u00f6n,<a href=\"https:\/\/scf.se\/bancykel\/borja-cykla\/\" class=\"news-card__more\"> &#8230;<\/a><\/p>\n","protected":false},"author":1,"featured_media":0,"parent":0,"menu_order":0,"comment_status":"closed","ping_status":"closed","template":"","meta":{"_acf_changed":false,"footnotes":""},"class_list":["post-92","page","type-page","status-publish","hentry"],"acf":[],"_links":{"self":[{"href":"https:\/\/scf.se\/bancykel\/wp-json\/wp\/v2\/pages\/92","targetHints":{"allow":["GET"]}}],"collection":[{"href":"https:\/\/scf.se\/bancykel\/wp-json\/wp\/v2\/pages"}],"about":[{"href":"https:\/\/scf.se\/bancykel\/wp-json\/wp\/v2\/types\/page"}],"author":[{"embeddable":true,"href":"https:\/\/scf.se\/bancykel\/wp-json\/wp\/v2\/users\/1"}],"replies":[{"embeddable":true,"href":"https:\/\/scf.se\/bancykel\/wp-json\/wp\/v2\/comments?post=92"}],"version-history":[{"count":0,"href":"https:\/\/scf.se\/bancykel\/wp-json\/wp\/v2\/pages\/92\/revisions"}],"wp:attachment":[{"href":"https:\/\/scf.se\/bancykel\/wp-json\/wp\/v2\/media?parent=92"}],"curies":[{"name":"wp","href":"https:\/\/api.w.org\/{rel}","templated":true}]}}