
{"id":69,"date":"2015-11-09T15:23:03","date_gmt":"2015-11-09T14:23:03","guid":{"rendered":"http:\/\/svenskcykel.grandpublic.se\/bancykel\/?page_id=69"},"modified":"2016-09-30T15:36:19","modified_gmt":"2016-09-30T13:36:19","slug":"landslagsuttagningar","status":"publish","type":"page","link":"https:\/\/scf.se\/bancykel\/landslag\/landslagsuttagningar\/","title":{"rendered":"Landslagsuttagningar Bancykel"},"content":{"rendered":"<h3>Till grund f\u00f6r landslagsuttagningar p\u00e5 bana g\u00e4ller f\u00f6ljande principer:<\/h3>\n<p><em><br \/>\nResultat p\u00e5 alla t\u00e4vlingar<br \/>\n<\/em><span style=\"line-height: 1.5;\">Beroende p\u00e5 typ av t\u00e4vling och motst\u00e5nd v\u00e4rdes\u00e4tter vi alla t\u00e4vlingar. Naturligtvis \u00e4r h\u00e5rda t\u00e4vlingar i h\u00f6g internationell klass mera v\u00e4rda \u00e4n enklare t\u00e4vlingar p\u00e5 hemmaplan. SM och SWEcup \u00e4r de t\u00e4vlingar vi s\u00e4tter h\u00f6gst v\u00e4rde p\u00e5 h\u00e4r hemma. Vi ser ocks\u00e5 att man deltar vid SWEcup t\u00e4vlingarna och har ett uttalat m\u00e5l att t\u00e4vla p\u00e5 bana som ett absolut krav f\u00f6r att kunna komma i fr\u00e5ga f\u00f6r landslagsuppdrag. T\u00e4vlingsresultat fr\u00e5n banor utomlands skall kunna styrkas med kompletta resultatlistor fr\u00e5n aktuell t\u00e4vling.<\/span><\/p>\n<p><em>Hur man t\u00e4vlar<\/em><br \/>\nEn offensiv och utvecklande t\u00e4vlingsinst\u00e4llning. P\u00e5 bana \u00e4r det taktiska kunnandet vid t\u00e4vling en stor del av m\u00f6jligheten att kunna n\u00e5 framg\u00e5ng i sitt t\u00e4vlande p\u00e5 bana.<\/p>\n<p><em>Cyklisten ska passa f\u00f6r det givna uppdraget<\/em><br \/>\nBeroende p\u00e5 vilket uppdrag det g\u00e4ller passar olika cyklister olika bra.\u00a0Vi kommer att g\u00f6ra en l\u00e5ngsiktig satsning p\u00e5 cyklister som vi anser har de r\u00e4tta utvecklingsm\u00f6jligheterna. Det \u00e4r viktigt att vi har ett komplett lag d\u00e4r cyklisterna har specificerat sig mot de olika disciplinerna. Det b\u00e4sta laget f\u00f6r varje uppdrag beh\u00f6ver inte n\u00f6dv\u00e4ndigtvis inneh\u00e5lla de b\u00e4sta individuella cyklisterna, utan cyklister specialiserade f\u00f6r en viss disciplin.<\/p>\n<p><em>Motivering<\/em><br \/>\nDet ska medf\u00f6lja en motivering f\u00f6r varje uttagen cyklist. Alla aktuella cyklister ska f\u00e5 besked om varf\u00f6r\/varf\u00f6r inte de blivit uttagna. Vi f\u00f6rs\u00f6ker\u00a0ta ut lagen i god tid s\u00e5 att man kan f\u00f6rbereda sig p\u00e5 r\u00e4tt s\u00e4tt, vissa cyklister kan f\u00e5 klartecken tidigare \u00e4n andra.<\/p>\n<p><em>Tilldelade platser <\/em><br \/>\nAntal platser till m\u00e4sterskapst\u00e4vlingar \u00e4r beroende av de olika rankingsystemen. De som uppfyller SCF:s uppsatta kvalificeringskriterier kan komma ifr\u00e5ga. I vissa l\u00e4gen v\u00e4ljer f\u00f6rbundet att inte representera fullt ut.<\/p>\n<p><em>Fjol\u00e5rets resultat<\/em><br \/>\nLigger till stor grund vid de f\u00f6rsta uppdragen. L\u00e4ngre in p\u00e5 s\u00e4songen v\u00e4rderas \u00e5rets resultat h\u00f6gre \u00e4n fjol\u00e5rets.<\/p>\n<p><em>Vistelserapportering<\/em><br \/>\nF\u00f6r att vara aktuell f\u00f6r landslagsuppdrag \u00e4r det n\u00f6dv\u00e4ndigt att sk\u00f6ta sin vistelserapportering (Adams) f\u00f6r att m\u00f6jligg\u00f6ra dopingkontroller.<\/p>\n<p><em>Helhetssynen<\/em><br \/>\nAllt ska v\u00e4gas samman och vi f\u00f6r en dialog med ber\u00f6rda cyklister. V\u00e5rt jobb \u00e4r att ta ut det som vi anser vara det b\u00e4sta laget f\u00f6r varje landslagsuppdrag.<\/p>\n<p><i>Ren Vinnare<\/i><br \/>\nGenomf\u00f6rd antidopingutbildning, <a href=\"https:\/\/scf.se\/forbundet\/antidoping\">Ren Vinnare<\/a>,\u00a0kr\u00e4vs f\u00f6r uttagning.<\/p>\n<p><a href=\"https:\/\/scf.se\/bancykel\/landslag\/landslagsprogram\/\">Till landslagsuppdrag 2016<\/a><\/p>\n<hr \/>\n<h3>Kvalificeringskriterier f\u00f6r att vara aktuell f\u00f6r EM och VM 2016<\/h3>\n<p>Riktlinjer f\u00f6r v\u00e5r bed\u00f6mning d\u00e5 det g\u00e4ller att bli aktuell f\u00f6r m\u00e4sterskapsdeltagande p\u00e5 bana.<\/p>\n<p><em>Dam Junior<\/em><br \/>\nResultatm\u00e5l: Topp\u00a010 p\u00e5 EM\/VM<br \/>\nPlacering som kr\u00e4vs f\u00f6r att vara EM\/VM-aktuell: M\u00f6jlighet att n\u00e5 en topp 10 placering vid aktuellt m\u00e4sterskap, baseras p\u00e5 tidigare bant\u00e4vlingar och presterade tider under innevarande s\u00e4song.<\/p>\n<p><em>Herr Junior<\/em><br \/>\nResultatm\u00e5l: Topp 10\u00a0p\u00e5 EM\/VM<br \/>\nPlacering som kr\u00e4vs f\u00f6r att vara EM\/VM-aktuell: M\u00f6jlighet att n\u00e5 en topp 10 placering vid aktuellt m\u00e4sterskap, baseras p\u00e5 tidigare bant\u00e4vlingar och presterade tider under innevarande s\u00e4song.<\/p>\n<p><em>U23 Herr<\/em><br \/>\nResultatm\u00e5l: Topp 10 p\u00e5 EM\/VM<br \/>\nPlacering som kr\u00e4vs f\u00f6r att vara EM\/VM-aktuell: M\u00f6jlighet att n\u00e5 en topp 10 placering vid aktuellt m\u00e4sterskap, baseras p\u00e5 tidigare bant\u00e4vlingar och presterade tider under innevarande s\u00e4song.<\/p>\n<p><em>Dam Elit<\/em><br \/>\nResultatm\u00e5l: Topp 10 p\u00e5 EM\/VM.<br \/>\nPlacering som kr\u00e4vs f\u00f6r att vara EM\/VM-aktuell: M\u00f6jlighet att n\u00e5 en topp 10 placering vid aktuellt m\u00e4sterskap, baseras p\u00e5 tidigare bant\u00e4vlingar och presterade tider under innevarande s\u00e4song.<\/p>\n<p><em>Herr Elit<\/em><br \/>\nResultatm\u00e5l: Topp 10 p\u00e5 EM\/VM<br \/>\nPlacering som kr\u00e4vs f\u00f6r att vara EM\/VM-aktuell: M\u00f6jlighet att n\u00e5 en topp 10 placering vid aktuellt m\u00e4sterskap, baseras p\u00e5 tidigare bant\u00e4vlingar och presterade tider under innevarande s\u00e4song.<\/p>\n","protected":false},"excerpt":{"rendered":"<p>Till grund f\u00f6r landslagsuttagningar p\u00e5 bana g\u00e4ller f\u00f6ljande principer: Resultat p\u00e5 alla t\u00e4vlingar Beroende p\u00e5 typ av t\u00e4vling och motst\u00e5nd v\u00e4rdes\u00e4tter vi alla t\u00e4vlingar. Naturligtvis \u00e4r h\u00e5rda t\u00e4vlingar i h\u00f6g internationell klass mera v\u00e4rda \u00e4n enklare t\u00e4vlingar p\u00e5 hemmaplan. SM och SWEcup \u00e4r de t\u00e4vlingar vi s\u00e4tter h\u00f6gst v\u00e4rde p\u00e5 h\u00e4r hemma. Vi ser<a href=\"https:\/\/scf.se\/bancykel\/landslag\/landslagsuttagningar\/\" class=\"news-card__more\"> &#8230;<\/a><\/p>\n","protected":false},"author":1,"featured_media":0,"parent":65,"menu_order":0,"comment_status":"closed","ping_status":"closed","template":"","meta":{"_acf_changed":false,"footnotes":""},"class_list":["post-69","page","type-page","status-publish","hentry"],"acf":[],"_links":{"self":[{"href":"https:\/\/scf.se\/bancykel\/wp-json\/wp\/v2\/pages\/69","targetHints":{"allow":["GET"]}}],"collection":[{"href":"https:\/\/scf.se\/bancykel\/wp-json\/wp\/v2\/pages"}],"about":[{"href":"https:\/\/scf.se\/bancykel\/wp-json\/wp\/v2\/types\/page"}],"author":[{"embeddable":true,"href":"https:\/\/scf.se\/bancykel\/wp-json\/wp\/v2\/users\/1"}],"replies":[{"embeddable":true,"href":"https:\/\/scf.se\/bancykel\/wp-json\/wp\/v2\/comments?post=69"}],"version-history":[{"count":0,"href":"https:\/\/scf.se\/bancykel\/wp-json\/wp\/v2\/pages\/69\/revisions"}],"up":[{"embeddable":true,"href":"https:\/\/scf.se\/bancykel\/wp-json\/wp\/v2\/pages\/65"}],"wp:attachment":[{"href":"https:\/\/scf.se\/bancykel\/wp-json\/wp\/v2\/media?parent=69"}],"curies":[{"name":"wp","href":"https:\/\/api.w.org\/{rel}","templated":true}]}}