
{"id":67,"date":"2015-11-09T15:22:50","date_gmt":"2015-11-09T14:22:50","guid":{"rendered":"http:\/\/svenskcykel.grandpublic.se\/bancykel\/?page_id=67"},"modified":"2018-10-24T13:03:06","modified_gmt":"2018-10-24T11:03:06","slug":"landslagsprogram","status":"publish","type":"page","link":"https:\/\/scf.se\/bancykel\/landslag\/landslagsprogram\/","title":{"rendered":"Landslagsprogram 2018"},"content":{"rendered":"<p>Resultat fr\u00e5n Svenska m\u00e4sterskapen 2018 och Nordiska m\u00e4sterskapen 2018 ligger till stor grund f\u00f6r uttagning till \u201dThree-Track-Tournament\u201d. Reservplacerade cyklister f\u00e5r \u00e4ven delta i uppsamlingsl\u00e4ger i mitten av maj. S\u00e4rskilda krav p\u00e5 madisonf\u00e4rdigheter g\u00e4ller inf\u00f6r \u201dThree-Track-Tournament\u201d.<\/p>\n<ul>\n<li><strong>19-21 maj, Three-Track-Tournament<\/strong>,\u00a03 x UCI Cat.1. (\u00d6schelbronn, Oberhausen och Dudenhofen), Tyskland.<\/li>\n<\/ul>\n<ul>\n<li><strong>6-8 juli, Grand Prix Poland<\/strong>, Pruszk\u00f3w, Polen CL 1.<br \/>\n<em>Cyklister placerade topp 10 i n\u00e5gon disciplin fr\u00e5n \u201d Three-Track-Tournament\u201d direktkvalificerar sig till Grand Prix Poland, i andra fall finns i senare skede chans att p\u00e5visa f\u00f6rb\u00e4ttrad prestation, genom tr\u00e4ningstider p\u00e5 bana i Falun eller andra t\u00e4vlingstider fr\u00e5n andra banor.<br \/>\n<\/em><\/li>\n<\/ul>\n<ul>\n<li><strong>17-22 juli, Europeiska M\u00e4sterskapen\u00a0<\/strong>(U19\/U23, plats \u00e4nnu oklar)<br \/>\n<em><em>Cyklister placerade topp 10 i n\u00e5gon disciplin fr\u00e5n Grand Prix Poland direktkvalificerar sig till m\u00e4sterskap. Alternativt finns chans att uppvisa f\u00f6rb\u00e4ttrad prestation samt f\u00f6rb\u00e4ttrade tr\u00e4ningstider under tr\u00e4ningsl\u00e4ger, i andra fall kan f\u00f6rbundet v\u00e4lja att inte representera fullt ut. Uttagning f\u00f6r t\u00e4vling i respektive m\u00e4sterskapsdiscipliner sker i muntlig dialog med f\u00f6rbundskaptenen.<\/em><\/em><\/li>\n<\/ul>\n<ul>\n<li><strong>15-19 augusti, V\u00e4rldsm\u00e4sterskap junior<\/strong>,\u00a0Aigle, Schweiz.<br \/>\n<em><em>S\u00e4rskilda kvalificeringsregler g\u00e4ller<\/em><\/em><\/li>\n<\/ul>\n<ul>\n<li><strong>11-13 oktober, Wien GP UCI I<\/strong> (Elit, Junior).<br \/>\n<em>Cyklister som uppvisar bibeh\u00e5llen god form fr\u00e5n s\u00e4songen kan komma att tillfr\u00e5gas.<\/p>\n<p><\/em><\/li>\n<li><strong>27-29 oktober, Utvecklings- och landslagsl\u00e4ger,<\/strong> Slite, Gotland<\/li>\n<\/ul>\n<hr \/>\n<p><em>Rapporter fr\u00e5n tidigare landslagsuppdrag<\/em><\/p>\n<ul>\n<li><a href=\"https:\/\/scf.se\/bancykel\/seger-for-gustav-johansson-vid-tyska-3-bahnen-tournee-2017\/\">2-5 juni 2017, Four-Track-Tournament<\/a><a href=\"https:\/\/scf.se\/bancykel\/seger-for-gustav-johansson-vid-tyska-3-bahnen-tournee-2017\/\">,<\/a><a href=\"https:\/\/scf.se\/bancykel\/seger-for-gustav-johansson-vid-tyska-3-bahnen-tournee-2017\/\"> 4 x UCI Cat. 1 i Tyskland.<\/a><\/li>\n<li><a href=\"https:\/\/scf.se\/bancykel\/gustav-johansson-och-oskar-palm-kor-em-i-portugal\/\">18-23 juli 2017, Europeiska M\u00e4sterskapen<\/a><a href=\"https:\/\/scf.se\/bancykel\/gustav-johansson-och-oskar-palm-kor-em-i-portugal\/\">(U19\/U23), Anadia, Portugal<\/a><\/li>\n<li><a href=\"https:\/\/scf.se\/bancykel\/gustav-johansson-representerar-sverige-under-vm-i-italien\/\">23-27 augusti 2017, V\u00e4rldsm\u00e4sterskap junior,\u00a0Italien<\/a><\/li>\n<li><a href=\"https:\/\/scf.se\/bancykel\/rapport-fran-em-i-berlin\/\">18-22 oktober 2017, Europeiska M\u00e4sterskapen\u00a0(Elit), Berlin, Tyskland<\/a><a href=\"https:\/\/scf.se\/bancykel\/landslagstraningar-och-uttagningar-till-international-track-race-i-litauen\/\">4-5 juni 2016, International track race &#8221;Paneve\u017eys 2016&#8221;,\u00a0Paneve\u017eys,\u00a0Litauen\u00a0CL1<\/a><\/li>\n<li><a href=\"https:\/\/scf.se\/bancykel\/334-2\/\">2-3 juli 2016, Grand Prix Poland Pruszk\u00f3w, Polen CL<\/a><\/li>\n<li><a href=\"https:\/\/scf.se\/bancykel\/landslag\/landslagsrapporter\/344-2\/\">12-17 juli 2016, UEC Juniors &amp; U23 Track European Championships i Montichiari, Italien<\/a><\/li>\n<\/ul>\n","protected":false},"excerpt":{"rendered":"<p>Resultat fr\u00e5n Svenska m\u00e4sterskapen 2018 och Nordiska m\u00e4sterskapen 2018 ligger till stor grund f\u00f6r uttagning till \u201dThree-Track-Tournament\u201d. Reservplacerade cyklister f\u00e5r \u00e4ven delta i uppsamlingsl\u00e4ger i mitten av maj. S\u00e4rskilda krav p\u00e5 madisonf\u00e4rdigheter g\u00e4ller inf\u00f6r \u201dThree-Track-Tournament\u201d. 19-21 maj, Three-Track-Tournament,\u00a03 x UCI Cat.1. (\u00d6schelbronn, Oberhausen och Dudenhofen), Tyskland. 6-8 juli, Grand Prix Poland, Pruszk\u00f3w, Polen CL<a href=\"https:\/\/scf.se\/bancykel\/landslag\/landslagsprogram\/\" class=\"news-card__more\"> &#8230;<\/a><\/p>\n","protected":false},"author":1,"featured_media":0,"parent":65,"menu_order":0,"comment_status":"closed","ping_status":"closed","template":"","meta":{"_acf_changed":false,"footnotes":""},"class_list":["post-67","page","type-page","status-publish","hentry"],"acf":[],"_links":{"self":[{"href":"https:\/\/scf.se\/bancykel\/wp-json\/wp\/v2\/pages\/67","targetHints":{"allow":["GET"]}}],"collection":[{"href":"https:\/\/scf.se\/bancykel\/wp-json\/wp\/v2\/pages"}],"about":[{"href":"https:\/\/scf.se\/bancykel\/wp-json\/wp\/v2\/types\/page"}],"author":[{"embeddable":true,"href":"https:\/\/scf.se\/bancykel\/wp-json\/wp\/v2\/users\/1"}],"replies":[{"embeddable":true,"href":"https:\/\/scf.se\/bancykel\/wp-json\/wp\/v2\/comments?post=67"}],"version-history":[{"count":0,"href":"https:\/\/scf.se\/bancykel\/wp-json\/wp\/v2\/pages\/67\/revisions"}],"up":[{"embeddable":true,"href":"https:\/\/scf.se\/bancykel\/wp-json\/wp\/v2\/pages\/65"}],"wp:attachment":[{"href":"https:\/\/scf.se\/bancykel\/wp-json\/wp\/v2\/media?parent=67"}],"curies":[{"name":"wp","href":"https:\/\/api.w.org\/{rel}","templated":true}]}}