
{"id":630,"date":"2021-01-18T11:38:08","date_gmt":"2021-01-18T10:38:08","guid":{"rendered":"http:\/\/scf.se\/bancykel\/?page_id=630"},"modified":"2021-12-09T19:19:47","modified_gmt":"2021-12-09T18:19:47","slug":"sm-bancykel-2021","status":"publish","type":"page","link":"https:\/\/scf.se\/bancykel\/sm-bancykel-2021\/","title":{"rendered":"SM Bancykel 2021"},"content":{"rendered":"<p><strong>Ban-SM avgjordes som vanligt i Falun och det var\u00a0Velodrom Cykelklubben som arrangerade.<\/strong><\/p>\n<p>De fyra utvalda grenarma p\u00e5 SM 2021 som avgjordes sista helgen i november var f\u00f6ljande: tidslopp, po\u00e4nglopp, matchsprint och s\u00e5 avslutades SM-t\u00e4vlingarna f\u00f6rf\u00f6ljelselopp.<\/p>\n<h3>L\u00f6rdag 27 november:<\/h3>\n<ul>\n<li>Resultat <a href=\"https:\/\/scf.se\/bancykel\/wp-content\/uploads\/sites\/2\/2021\/12\/resultatlistatidslopp1kmsm2021-1-Kombinerad.pdf\">tidslopp 500 respektive 1000 meter.<\/a><\/li>\n<li>Resultat <a href=\"https:\/\/scf.se\/bancykel\/wp-content\/uploads\/sites\/2\/2021\/12\/resultatlistapoangloppsm2021-1.pdf\">po\u00e4nglopp.<\/a><\/li>\n<\/ul>\n<h3>S\u00f6ndag 28 november:<\/h3>\n<ul>\n<li>Resultat <a href=\"https:\/\/scf.se\/bancykel\/wp-content\/uploads\/sites\/2\/2021\/12\/resultatmatchsprintsm2021.pdf\">sprint.<\/a><\/li>\n<li>Resultat <a href=\"https:\/\/scf.se\/bancykel\/wp-content\/uploads\/sites\/2\/2021\/12\/resultatforfoljelseloppsm2021.pdf\">f\u00f6rf\u00f6ljelselopp<\/a>.<\/li>\n<\/ul>\n","protected":false},"excerpt":{"rendered":"<p>Ban-SM avgjordes som vanligt i Falun och det var\u00a0Velodrom Cykelklubben som arrangerade. De fyra utvalda grenarma p\u00e5 SM 2021 som avgjordes sista helgen i november var f\u00f6ljande: tidslopp, po\u00e4nglopp, matchsprint och s\u00e5 avslutades SM-t\u00e4vlingarna f\u00f6rf\u00f6ljelselopp. L\u00f6rdag 27 november: Resultat tidslopp 500 respektive 1000 meter. Resultat po\u00e4nglopp. S\u00f6ndag 28 november: Resultat sprint. Resultat f\u00f6rf\u00f6ljelselopp.<\/p>\n","protected":false},"author":34,"featured_media":0,"parent":0,"menu_order":0,"comment_status":"closed","ping_status":"closed","template":"","meta":{"_acf_changed":false,"footnotes":""},"class_list":["post-630","page","type-page","status-publish","hentry"],"acf":[],"_links":{"self":[{"href":"https:\/\/scf.se\/bancykel\/wp-json\/wp\/v2\/pages\/630","targetHints":{"allow":["GET"]}}],"collection":[{"href":"https:\/\/scf.se\/bancykel\/wp-json\/wp\/v2\/pages"}],"about":[{"href":"https:\/\/scf.se\/bancykel\/wp-json\/wp\/v2\/types\/page"}],"author":[{"embeddable":true,"href":"https:\/\/scf.se\/bancykel\/wp-json\/wp\/v2\/users\/34"}],"replies":[{"embeddable":true,"href":"https:\/\/scf.se\/bancykel\/wp-json\/wp\/v2\/comments?post=630"}],"version-history":[{"count":0,"href":"https:\/\/scf.se\/bancykel\/wp-json\/wp\/v2\/pages\/630\/revisions"}],"wp:attachment":[{"href":"https:\/\/scf.se\/bancykel\/wp-json\/wp\/v2\/media?parent=630"}],"curies":[{"name":"wp","href":"https:\/\/api.w.org\/{rel}","templated":true}]}}