
{"id":541,"date":"2019-06-03T09:26:05","date_gmt":"2019-06-03T07:26:05","guid":{"rendered":"http:\/\/scf.se\/bancykel\/?page_id=541"},"modified":"2019-07-31T20:05:03","modified_gmt":"2019-07-31T18:05:03","slug":"landslagsprogram-bancykel-2019","status":"publish","type":"page","link":"https:\/\/scf.se\/bancykel\/landslag\/landslagsprogram-bancykel-2019\/","title":{"rendered":"Landslagsprogram bancykel 2019"},"content":{"rendered":"<p>4 juni, Odense, Danmark<\/p>\n<p>5 juni, \u00c5rhus, Danmark<\/p>\n<ul>\n<li><a href=\"https:\/\/scf.se\/bancykel\/bantavlingar-i-danmark-4-5-6\/\">rapport fr\u00e5n Odense\/\u00c5rhus<\/a><\/li>\n<\/ul>\n<p>9-14 juli, EM i Gent, Belgien<\/p>\n<ul>\n<li><a href=\"https:\/\/scf.se\/bancykel\/tavlingsrapport-fran-em-bancykel-i-gent\/\">resultatapport fr\u00e5n EM<\/a><\/li>\n<\/ul>\n<p>8 juli-10 augusti: UCI tr\u00e4ningsl\u00e4ger, Aigle, Schweiz.<\/p>\n<p>14-18 augusti &#8211; VM i Frankfurt an der Oder, Tyskland<\/p>\n","protected":false},"excerpt":{"rendered":"<p>4 juni, Odense, Danmark 5 juni, \u00c5rhus, Danmark rapport fr\u00e5n Odense\/\u00c5rhus 9-14 juli, EM i Gent, Belgien resultatapport fr\u00e5n EM 8 juli-10 augusti: UCI tr\u00e4ningsl\u00e4ger, Aigle, Schweiz. 14-18 augusti &#8211; VM i Frankfurt an der Oder, Tyskland<\/p>\n","protected":false},"author":2,"featured_media":0,"parent":65,"menu_order":0,"comment_status":"closed","ping_status":"closed","template":"","meta":{"_acf_changed":false,"footnotes":""},"class_list":["post-541","page","type-page","status-publish","hentry"],"acf":[],"_links":{"self":[{"href":"https:\/\/scf.se\/bancykel\/wp-json\/wp\/v2\/pages\/541","targetHints":{"allow":["GET"]}}],"collection":[{"href":"https:\/\/scf.se\/bancykel\/wp-json\/wp\/v2\/pages"}],"about":[{"href":"https:\/\/scf.se\/bancykel\/wp-json\/wp\/v2\/types\/page"}],"author":[{"embeddable":true,"href":"https:\/\/scf.se\/bancykel\/wp-json\/wp\/v2\/users\/2"}],"replies":[{"embeddable":true,"href":"https:\/\/scf.se\/bancykel\/wp-json\/wp\/v2\/comments?post=541"}],"version-history":[{"count":0,"href":"https:\/\/scf.se\/bancykel\/wp-json\/wp\/v2\/pages\/541\/revisions"}],"up":[{"embeddable":true,"href":"https:\/\/scf.se\/bancykel\/wp-json\/wp\/v2\/pages\/65"}],"wp:attachment":[{"href":"https:\/\/scf.se\/bancykel\/wp-json\/wp\/v2\/media?parent=541"}],"curies":[{"name":"wp","href":"https:\/\/api.w.org\/{rel}","templated":true}]}}