
{"id":467,"date":"2017-11-21T09:40:10","date_gmt":"2017-11-21T08:40:10","guid":{"rendered":"http:\/\/scf.se\/bancykel\/?page_id=467"},"modified":"2018-11-28T16:36:10","modified_gmt":"2018-11-28T15:36:10","slug":"sm-bancykel-2019","status":"publish","type":"page","link":"https:\/\/scf.se\/bancykel\/tavling\/sm-bancykel-2019\/","title":{"rendered":"SM Bancykel 2019"},"content":{"rendered":"<p><strong>Datum:<\/strong> 2-3 februari 2019<br \/>\n<strong>Arrang\u00f6r:<\/strong> Velodrom CK i samarbete med Svenska Cykelf\u00f6rbundet<br \/>\n<strong>Plats:<\/strong> Velodromen, Fr\u00e4mbyv\u00e4gen 6, Falun<\/p>\n<h3><strong>Schema<\/strong><\/h3>\n<p><strong>L\u00f6rdag 2\/2:<\/strong><br \/>\nMatchsprint, Individuella tidslopp och F\u00f6rf\u00f6ljelselopp alla klasser<\/p>\n<p><strong>S\u00f6ndag 3\/2:<\/strong><br \/>\nOmnium alla klasser (Omnium best\u00e5r av 4 grenar: Scratch, Tempo,\u00a0Eliminering och Po\u00e4nglopp) Paracykling 1 km och Paracykling 4 km.<\/p>\n<p>Inbjudan och anm\u00e4lan g\u00f6rs i\u00a0<a href=\"http:\/\/indta.se\/tavling\/17317\">swecyclingonline.<\/a><\/p>\n<div class=\"page\" title=\"Page 1\">\n<div class=\"layoutArea\">\n<div class=\"column\">\n<div id=\"attachment_432\" class=\"wp-caption alignleft\" ><a href=\"https:\/\/scf.se\/bancykel\/wp-content\/uploads\/sites\/2\/2017\/03\/FelixNixsell_JonasAhlstrand_SM2017_fotoNiclasBrus.jpg\"><img loading=\"lazy\" decoding=\"async\" class=\"size-post-small wp-image-432\" src=\"https:\/\/scf.se\/bancykel\/wp-content\/uploads\/sites\/2\/2017\/03\/FelixNixsell_JonasAhlstrand_SM2017_fotoNiclasBrus-740x462.jpg\" alt=\"Felix Nisell i ett av f\u00f6rs\u00f6ken att distansiera sig fr\u00e5n Ahlstrand. Foto: Niclas Brus\" width=\"740\" height=\"462\" \/><\/a><p class=\"wp-caption-text\">Felix Nisell i ett av f\u00f6rs\u00f6ken att distansiera sig fr\u00e5n Ahlstrand. Foto: Niclas Brus<\/p><\/div>\n<\/div>\n<\/div>\n<\/div>\n","protected":false},"excerpt":{"rendered":"<p>Datum: 2-3 februari 2019 Arrang\u00f6r: Velodrom CK i samarbete med Svenska Cykelf\u00f6rbundet Plats: Velodromen, Fr\u00e4mbyv\u00e4gen 6, Falun Schema L\u00f6rdag 2\/2: Matchsprint, Individuella tidslopp och F\u00f6rf\u00f6ljelselopp alla klasser S\u00f6ndag 3\/2: Omnium alla klasser (Omnium best\u00e5r av 4 grenar: Scratch, Tempo,\u00a0Eliminering och Po\u00e4nglopp) Paracykling 1 km och Paracykling 4 km. Inbjudan och anm\u00e4lan g\u00f6rs i\u00a0swecyclingonline.<\/p>\n","protected":false},"author":2,"featured_media":0,"parent":56,"menu_order":0,"comment_status":"closed","ping_status":"closed","template":"","meta":{"_acf_changed":false,"footnotes":""},"class_list":["post-467","page","type-page","status-publish","hentry"],"acf":[],"_links":{"self":[{"href":"https:\/\/scf.se\/bancykel\/wp-json\/wp\/v2\/pages\/467","targetHints":{"allow":["GET"]}}],"collection":[{"href":"https:\/\/scf.se\/bancykel\/wp-json\/wp\/v2\/pages"}],"about":[{"href":"https:\/\/scf.se\/bancykel\/wp-json\/wp\/v2\/types\/page"}],"author":[{"embeddable":true,"href":"https:\/\/scf.se\/bancykel\/wp-json\/wp\/v2\/users\/2"}],"replies":[{"embeddable":true,"href":"https:\/\/scf.se\/bancykel\/wp-json\/wp\/v2\/comments?post=467"}],"version-history":[{"count":0,"href":"https:\/\/scf.se\/bancykel\/wp-json\/wp\/v2\/pages\/467\/revisions"}],"up":[{"embeddable":true,"href":"https:\/\/scf.se\/bancykel\/wp-json\/wp\/v2\/pages\/56"}],"wp:attachment":[{"href":"https:\/\/scf.se\/bancykel\/wp-json\/wp\/v2\/media?parent=467"}],"curies":[{"name":"wp","href":"https:\/\/api.w.org\/{rel}","templated":true}]}}