
{"id":262,"date":"2016-01-25T11:12:32","date_gmt":"2016-01-25T10:12:32","guid":{"rendered":"http:\/\/svenskcykel.grandpublic.se\/bancykel\/?page_id=262"},"modified":"2017-01-05T09:47:38","modified_gmt":"2017-01-05T08:47:38","slug":"allt-om-bancykel","status":"publish","type":"page","link":"https:\/\/scf.se\/bancykel\/allt-om-bancykel\/","title":{"rendered":"Detta \u00e4r bancykel"},"content":{"rendered":"<p>Bancyklingen f\u00f6ddes under slutet av 1800-talet och blev snabbt popul\u00e4r i b\u00e5de Europa och USA. Bancykling var en av v\u00e4rldens st\u00f6rsta publiksporter fr\u00e5n sekelskiftet fram till andra v\u00e4rldskriget. Madison Square Garden i New York var fr\u00e5n b\u00f6rjan en velodromanl\u00e4ggning. 2010 invigdes Sveriges inomhusvelodrom, <a href=\"http:\/\/www.velodromen.se\">YA Arena i Falun<\/a>, som\u00a0\u00e4r den f\u00f6rsta velodromen sedan arenan p\u00e5 Kristinebergs IP i Stockholm revs i slutet av 1920-talet.<\/p>\n<p>Trots avsaknaden av en velodrom i Sverige har ett antal svenska cyklister t\u00e4vlat p\u00e5 bana genom \u00e5ren, t.ex. Jupp Ripfel och br\u00f6derna F\u00e5glum, som alla deltog vid olympiska spel p\u00e5 bana och p\u00e5 senare \u00e5r Magnus B\u00e4ckstedt, som t\u00e4vlat i England.<\/p>\n<p>Bancykling genomf\u00f6rs p\u00e5 en velodrom, som \u00e4r en rundbana best\u00e5ende av tv\u00e5 l\u00e4tt doserade rakstr\u00e4ckor och tv\u00e5 kraftigt doserade kurvor. De flesta velodromer har varit byggda av tr\u00e4 \u00e4nda sedan slutet av 1800-talet, men material som betong f\u00f6rekommer ocks\u00e5.<\/p>\n<p>Det finns en m\u00e4ngd olika t\u00e4vlingsdiscipliner f\u00f6r bancykel och disciplinerna har f\u00f6r\u00e4ndrats en hel del genom \u00e5ren. F\u00f6rsta VM genomf\u00f6rdes 1895 och grenen fanns med vid OS 1896. Ut\u00f6ver m\u00e4sterskapsdisciplinerna \u00e4r 6-dagarst\u00e4vlingar, som kan inneh\u00e5lla en m\u00e4ngd olika typer av discipliner under 6 dagar, mycket popul\u00e4ra.<\/p>\n<h3>T\u00e4vlingsformer<\/h3>\n<p>Den internationella standarden f\u00f6r l\u00e4ngden p\u00e5 en velodrom \u00e4r 250 meter l\u00e5ng och 7-8 meter bred. Den ska ha &gt; 12\u00b0 lutning utmed rakstr\u00e4ckorna och &lt; 45\u00b0 lutning i kurvorna, som ska ha en radie p\u00e5 19-22 meter. M\u00e5nga velodromer h\u00e5ller dock inte den internationella standarden och l\u00e4ngden p\u00e5 olika velodromer varierar fr\u00e5n strax under 200 m upp till 500 m, med olika lutningar. Velodromer kategoriseras p\u00e5 en skala fr\u00e5n 1-4, som bl.a. baseras p\u00e5 m\u00e5tten och s\u00e4kerheten f\u00f6r cyklisterna. V\u00e4rldscuper eller internationella m\u00e4sterskap arrangeras uteslutande p\u00e5 kategori 1-2 velodromer som oftast h\u00e5ller internationell standard. Mindre internationella t\u00e4vlingar kan arrangeras p\u00e5 kategori 3 och kategori 4 anv\u00e4nds bara till nationella t\u00e4vlingar. D\u00e4remot avg\u00f6rs ofta 6-dagarslopp p\u00e5 korta velodromer (&gt;140 m) som inte h\u00e5ller internationell standard.<\/p>\n<p>Det finns tre linjer p\u00e5 olika h\u00f6jder runt velodromen. Den svarta linjen finns 20 cm upp fr\u00e5n banans innerkant och \u00e4r banans l\u00e4ngd, 85 cm ovanf\u00f6r banans innerkant finns den r\u00f6da sprintlinjen som en cyklist m\u00e5ste g\u00e5 upp ovanf\u00f6r n\u00e4r en annan cyklist ska passeras i en spurt och en tredjedel uppf\u00f6r banan finns den bl\u00e5 stayerlinjen, vid madison skall cyklister som vilar befinna sig ovanf\u00f6r denna linje.<\/p>\n<a href=\"https:\/\/scf.se\/bancykel\/wp-content\/uploads\/sites\/2\/2016\/01\/Bancykel-bild-.jpg\"><img loading=\"lazy\" decoding=\"async\" class=\"alignnone size-full wp-image-382\" src=\"https:\/\/scf.se\/bancykel\/wp-content\/uploads\/sites\/2\/2016\/01\/Bancykel-bild-.jpg\" alt=\"Bancykel bild\" width=\"466\" height=\"220\" srcset=\"https:\/\/scf.se\/bancykel\/wp-content\/uploads\/sites\/2\/2016\/01\/Bancykel-bild-.jpg 466w, https:\/\/scf.se\/bancykel\/wp-content\/uploads\/sites\/2\/2016\/01\/Bancykel-bild--300x142.jpg 300w\" sizes=\"auto, (max-width: 466px) 100vw, 466px\" \/><\/a>\n<h3>Discipliner<\/h3>\n<p>Bancykel best\u00e5r av en rad olika discipliner, som generellt delas in i <em>sprint<\/em> och <em>uth\u00e5llighet<\/em> samt <em>individuella<\/em> och <em>lag, <a href=\"https:\/\/scf.se\/bancykel\/discipliner\/\">l\u00e4s mer h\u00e4r.<\/a><\/em><\/p>\n<p>&nbsp;<\/p>\n","protected":false},"excerpt":{"rendered":"<p>Bancyklingen f\u00f6ddes under slutet av 1800-talet och blev snabbt popul\u00e4r i b\u00e5de Europa och USA. Bancykling var en av v\u00e4rldens st\u00f6rsta publiksporter fr\u00e5n sekelskiftet fram till andra v\u00e4rldskriget. Madison Square Garden i New York var fr\u00e5n b\u00f6rjan en velodromanl\u00e4ggning. 2010 invigdes Sveriges inomhusvelodrom, YA Arena i Falun, som\u00a0\u00e4r den f\u00f6rsta velodromen sedan arenan p\u00e5<a href=\"https:\/\/scf.se\/bancykel\/allt-om-bancykel\/\" class=\"news-card__more\"> &#8230;<\/a><\/p>\n","protected":false},"author":1,"featured_media":0,"parent":0,"menu_order":0,"comment_status":"closed","ping_status":"closed","template":"","meta":{"_acf_changed":false,"footnotes":""},"class_list":["post-262","page","type-page","status-publish","hentry"],"acf":[],"_links":{"self":[{"href":"https:\/\/scf.se\/bancykel\/wp-json\/wp\/v2\/pages\/262","targetHints":{"allow":["GET"]}}],"collection":[{"href":"https:\/\/scf.se\/bancykel\/wp-json\/wp\/v2\/pages"}],"about":[{"href":"https:\/\/scf.se\/bancykel\/wp-json\/wp\/v2\/types\/page"}],"author":[{"embeddable":true,"href":"https:\/\/scf.se\/bancykel\/wp-json\/wp\/v2\/users\/1"}],"replies":[{"embeddable":true,"href":"https:\/\/scf.se\/bancykel\/wp-json\/wp\/v2\/comments?post=262"}],"version-history":[{"count":0,"href":"https:\/\/scf.se\/bancykel\/wp-json\/wp\/v2\/pages\/262\/revisions"}],"wp:attachment":[{"href":"https:\/\/scf.se\/bancykel\/wp-json\/wp\/v2\/media?parent=262"}],"curies":[{"name":"wp","href":"https:\/\/api.w.org\/{rel}","templated":true}]}}