
{"id":259,"date":"2024-09-16T08:03:13","date_gmt":"2024-09-16T06:03:13","guid":{"rendered":"http:\/\/svenskcykel.grandpublic.se\/bancykel\/?page_id=259"},"modified":"2024-09-16T15:42:20","modified_gmt":"2024-09-16T13:42:20","slug":"discipliner","status":"publish","type":"page","link":"https:\/\/scf.se\/bancykel\/discipliner\/","title":{"rendered":"Discipliner bancykling"},"content":{"rendered":"<p>Bancykel best\u00e5r av en rad olika discipliner, som generellt delas in i <em>sprint<\/em> och <em>uth\u00e5llighet<\/em> samt <em>individuella<\/em> och <em>lag<\/em><\/p>\n<p>SPRINT: (Nya distanserna nedan f\u00f6r damer g\u00e4ller fr\u00e5n 1\/1 2025.)<\/p>\n<p><strong>Individuell sprint:\u00a0<\/strong>Den individuella sprinten \u00e4r en utslagningst\u00e4vling med heat d\u00e4r tv\u00e5 cyklister t\u00e4vlar mot varandra under 2-3 varv. De tv\u00e5 cyklisterna i finalen f\u00e5r placeringarna 1-2:a medan de som blir utslagna i semifinalen k\u00f6r en B-final om sista platsen p\u00e5 prispallen. Innan finalloppen k\u00f6rs ett kval d\u00e4r varje cyklist k\u00f6r ett flygande 200 meterslopp.<\/p>\n<p><strong>Lagsprint:\u00a0<\/strong>I lagsprinten startar tre herrar eller damer samtidigt. Varje cyklist drar ett varv var f\u00f6r att sedan sl\u00e4ppa f\u00f6rbi n\u00e4sta lagkamrat och tiden tas n\u00e4r sista cyklister som drar passerar m\u00e5llinjen. F\u00f6rst k\u00f6r alla lag enskilt och d\u00e4refter st\u00e4ller de tv\u00e5 b\u00e4sta lagen upp till en final (3-4:e snabbaste lag k\u00f6r B-final). Vid finalerna st\u00e4ller lagen upp p\u00e5 var sin sida om banan, startar samtidigt och laget som f\u00f6rst genomf\u00f6r varven vinner.<\/p>\n<p><strong>1000m tidslopp:\u00a0<\/strong>Cyklisten startar fr\u00e5n stillast\u00e5ende i en startgrind och ska genomf\u00f6ra 1000m p\u00e5 kortast m\u00f6jliga tid.<\/p>\n<p><strong>Keirin:\u00a0<\/strong>I Keirin startar 3-7 cyklister samtidigt och k\u00f6r de f\u00f6rsta 750m bakom en Derny, en farth\u00e5llande motorcykel, som \u00f6kar successivt farten fr\u00e5n 30 till 50km\/h (herrar) eller 25 till 45km\/h (damer). Efter att ha legat bakom Dernys sl\u00e4pps f\u00e4ltet fritt de sista 750m av loppet som normalt avg\u00f6rs i en spurt.<\/p>\n<p>UTH\u00c5LLIGHET: (Fr\u00e5n 1\/1 2025 k\u00f6r b\u00e5de herrar och damer 4000m i det individuella f\u00f6ljelseloppet.)<\/p>\n<p><strong>3000m (damer) och 4000m (herrar) individuellt f\u00f6rf\u00f6ljelselopp:\u00a0<\/strong>Tv\u00e5 cyklister startar stillast\u00e5ende fr\u00e5n startgrind p\u00e5 varsin sida om banan. Vinnaren \u00e4r den som antingen k\u00f6r ikapp den andra cyklisten eller har den snabbaste tiden.<\/p>\n<p><strong>3000m (damer) och 4000m (herrar) lagf\u00f6rf\u00f6ljelse:\u00a0<\/strong>Tv\u00e5 lag om fyra (herrar) eller tre (damer) cyklister startar stillast\u00e5ende fr\u00e5n startgrind p\u00e5 varsin sida om banan. Vinnarna \u00e4r det lag som antingen k\u00f6r ikapp det andra laget eller har snabbaste tiden.<\/p>\n<p><strong>Omnium:\u00a0<\/strong>Bancyklingens nyaste gren, en m\u00e5ngkamp som blivit OS gren.\u00a0Omnium avg\u00f6rs \u00f6ver fyra grenar som k\u00f6rs under samma dag.\u00a0Scratchlopp, Tempolopp, Elimineringslopp och Po\u00e4nglopp. I de tre f\u00f6rsta grenarna f\u00e5r man placeringspo\u00e4ng och summan av dessa po\u00e4ng startar men sedan po\u00e4ngloppet med. Flest po\u00e4ng efter genomf\u00f6rt po\u00e4nglopp vinner.<\/p>\n<p><strong>Po\u00e4nglopp:\u00a0<\/strong>Masstartslopp \u00f6ver 40km (herrar) eller 25km (damer) med po\u00e4ngspurter var 10:e varv (250m bana). Vid varje spurt delas po\u00e4ng ut. En cyklist kan \u00e4ven f\u00e5 po\u00e4ng genom att varva klungan. Cyklisten med flest po\u00e4ng i slutet av loppet vinner.<\/p>\n<p><strong>Madison:\u00a0<\/strong>Masstartslopp \u00f6ver 25-50km f\u00f6r tv\u00e5mannalag. En cyklist fr\u00e5n varje par t\u00e4vlar i taget, oftast ett par varv, medan den andra cyklisten vilar cyklandes ovanf\u00f6r stayerlinjen. Under loppet genomf\u00f6rs ett antal po\u00e4nggivande spurter. Det vinnande paret \u00e4r de som genomf\u00f6rt flesta varv och om det \u00e4r flera par p\u00e5 samma antal varv avg\u00f6r po\u00e4ngen.<\/p>\n<p><strong>Scratch:\u00a0<\/strong>Masstartslopp \u00f6ver 15km (herrar) och 10km (damer) d\u00e4r f\u00f6rsta cyklisten i m\u00e5l \u00e4r vinnaren.<\/p>\n<p><strong>Elimineringslopp:\u00a0<\/strong>Vid elimineringslopp startar alla cyklister samtidigt och den som passerar sist \u00f6ver m\u00e5llinjen vid best\u00e4mda tidpunkter, t.ex. var annat varv, f\u00e5r l\u00e4mna t\u00e4vlingen tills endast den segrande cyklisten \u00e4r kvar.<\/p>\n","protected":false},"excerpt":{"rendered":"<p>Bancykel best\u00e5r av en rad olika discipliner, som generellt delas in i sprint och uth\u00e5llighet samt individuella och lag SPRINT: (Nya distanserna nedan f\u00f6r damer g\u00e4ller fr\u00e5n 1\/1 2025.) Individuell sprint:\u00a0Den individuella sprinten \u00e4r en utslagningst\u00e4vling med heat d\u00e4r tv\u00e5 cyklister t\u00e4vlar mot varandra under 2-3 varv. De tv\u00e5 cyklisterna i finalen f\u00e5r placeringarna<a href=\"https:\/\/scf.se\/bancykel\/discipliner\/\" class=\"news-card__more\"> &#8230;<\/a><\/p>\n","protected":false},"author":58,"featured_media":0,"parent":0,"menu_order":0,"comment_status":"closed","ping_status":"closed","template":"","meta":{"_acf_changed":false,"footnotes":""},"class_list":["post-259","page","type-page","status-publish","hentry"],"acf":[],"_links":{"self":[{"href":"https:\/\/scf.se\/bancykel\/wp-json\/wp\/v2\/pages\/259","targetHints":{"allow":["GET"]}}],"collection":[{"href":"https:\/\/scf.se\/bancykel\/wp-json\/wp\/v2\/pages"}],"about":[{"href":"https:\/\/scf.se\/bancykel\/wp-json\/wp\/v2\/types\/page"}],"author":[{"embeddable":true,"href":"https:\/\/scf.se\/bancykel\/wp-json\/wp\/v2\/users\/58"}],"replies":[{"embeddable":true,"href":"https:\/\/scf.se\/bancykel\/wp-json\/wp\/v2\/comments?post=259"}],"version-history":[{"count":7,"href":"https:\/\/scf.se\/bancykel\/wp-json\/wp\/v2\/pages\/259\/revisions"}],"predecessor-version":[{"id":1243,"href":"https:\/\/scf.se\/bancykel\/wp-json\/wp\/v2\/pages\/259\/revisions\/1243"}],"wp:attachment":[{"href":"https:\/\/scf.se\/bancykel\/wp-json\/wp\/v2\/media?parent=259"}],"curies":[{"name":"wp","href":"https:\/\/api.w.org\/{rel}","templated":true}]}}