
{"id":218,"date":"2016-01-21T10:57:36","date_gmt":"2016-01-21T09:57:36","guid":{"rendered":"http:\/\/svenskcykel.grandpublic.se\/bancykel\/?page_id=218"},"modified":"2016-01-29T06:36:23","modified_gmt":"2016-01-29T05:36:23","slug":"rapport-fran-banlandslaget-i-alkmaarholland","status":"publish","type":"page","link":"https:\/\/scf.se\/bancykel\/landslag\/landslagsrapporter\/rapport-fran-banlandslaget-i-alkmaarholland\/","title":{"rendered":"Rapport fr\u00e5n banlandslaget i Alkmaar\/Holland"},"content":{"rendered":"<p><strong>Svenska banlandslaget st\u00e4llde den g\u00e5ngna helgen upp p\u00e5 internationella bancykelt\u00e4vlingar enbart f\u00f6r juniorer i Holl\u00e4ndska Alkmaar. T\u00e4vlingar som har anordnats sedan 2009 har n\u00e5tt h\u00f6g status. Laura Trott, OS \u2013 och VM m\u00e4starinna fr\u00e5n 2012, bara f\u00f6r att n\u00e4mna en bland flertalet framg\u00e5ngsrika cyklister som deltagit.<\/strong><\/p>\n<p>Uttagna cyklister till Junior Trials var Jacob Johnsson, Stockholm CK, Felix Nisell, Motala AIF CK, Viktor Lundqvist, CK Bure och Jesper Olsson, Motala AIF CK. Jesper hann inte repa sig fr\u00e5n en f\u00f6rkylning och stannade d\u00e4rf\u00f6r hemma. Som fotot visar st\u00e5r juniorerna beredda inf\u00f6r en 4 km. lagf\u00f6rf\u00f6ljelse i ett Svensk\/Skotskt mixlag.<\/p>\n<a href=\"https:\/\/scf.se\/bancykel\/wp-content\/uploads\/sites\/2\/2016\/01\/Bancykel-Alkmaar.jpg\" rel=\"attachment wp-att-209\"><img loading=\"lazy\" decoding=\"async\" class=\"alignnone wp-image-209 size-full\" src=\"https:\/\/scf.se\/bancykel\/wp-content\/uploads\/sites\/2\/2016\/01\/Bancykel-Alkmaar.jpg\" alt=\"Bancykel Alkmaar\" width=\"300\" height=\"201\" \/><\/a>\n<p>Trots att Viktor relativt tidigt tappade p\u00e5 \u00f6vriga, \u00e5kte trion in i m\u00e5l p\u00e5 imponerande 4:37,700 som resulterade i en 10:e plats. Vann gjorde Brittiska A-laget med imponerande tiden 4:11, 210. Vidare discipliner som k\u00f6rdes var Derny Race, Scratch, Po\u00e4nglopp, Eliminering, Individuell f\u00f6rf\u00f6ljelse och Madison.<\/p>\n<p>Felix Nisell antr\u00e4dde till Derny Race, ett av de mest spektakul\u00e4ra disciplinerna inom bancykel, med snitthastigheter kring 55-60km\/h. F\u00f6r Felix var det, det f\u00f6rsta loppet av sitt slag, men lyckades trotsallt knipa en 7:e plats. Vann gjorde Reece Wood fr\u00e5n Storbritannien.<\/p>\n<p>Scratchloppen som k\u00f6rdes var f\u00f6rdelade \u00f6ver l\u00f6rdagen och s\u00f6ndagen. Alla i laget fick st\u00e4lla upp. B\u00e4st gick det f\u00f6r Felix som kom p\u00e5 en 13 resp. 14:e plats. Jacob k\u00f6rde in p\u00e5 en fin 15:e resp. 17:e och Viktor p\u00e5 en fin 18:e resp. 21:a plats. Vann gjorde Julius Johansen-Danmark och Oliver Wulff Fredriksen-Danmark.<\/p>\n<p>Under l\u00f6rdagen k\u00f6rdes \u00e4ven Po\u00e4ngloppen d\u00e4r Felix och Jacob var aktiva och kunde s\u00e4tta f\u00e4rg p\u00e5 loppet. Felix tog sin in p\u00e5 en 17:e plats, dessv\u00e4rre fick Jacob trots sin fina form bryta pga. av kramp. Viktor cyklade stadigt in p\u00e5 en 22:a plats.<\/p>\n<p>B\u00e5de Scratch- och Po\u00e4ngloppen var snabba lopp som m\u00e4tte \u00f6ver 51km\/h i snitt, att j\u00e4mf\u00f6ra med herrelitens snitthastigheter. Scratchloppen vanns av Matthew Walls- Storbittanien och Erik Larsen-Danmark och Po\u00e4ngloppen av Jules Hesters- Belgien och Sasha Weemaes- Belgien. \u00a0Dag 2 b\u00f6rjade med Viktors f\u00f6rf\u00f6ljelselopp 3 km. Viktor fick till ett j\u00e4mt fint lopp som resulterade i en 22:a plats med tiden 3:47,250. Vann gjorde Julius Johansen- Danmark med tiden 3:20,280.<\/p>\n<p>Elimineringsloppet under s\u00f6ndagen resulterade f\u00f6r Felix i en 17:e och en 20:e plats f\u00f6r Jacob. Jacob lyckades \u00e4ven parera en masskrasch genom sina tekniska f\u00e4rdigheter han har anammat fr\u00e5n regelbunden tr\u00e4ning i Falun. I heat 2 k\u00f6rde Viktor in p\u00e5 en 22:a plats.<\/p>\n<p>Junior Trials avslutades med herrarnas Madison om 60 varv. Felix fick st\u00e4lla upp med Skotske Tom Chandler som \u00e4ven ingick i lagf\u00f6rf\u00f6ljelselaget (TP). Tom \u00e4r en cyklist som har fina meriter fr\u00e5n TP och Madison. Felix och Tom satt fint med i klungan bland de aktiva cyklisterna, lyckades dock inte samla po\u00e4ng men spurtade in p\u00e5 en fin 6:e plats.<\/p>\n<p>F\u00f6r att summera t\u00e4vlingarna och arrangemanget s\u00e5 var landslaget v\u00e4ldigt n\u00f6jda med t\u00e4vlingar och hur t\u00e4vlingen sk\u00f6ttes.<\/p>\n<p>Resultaten finns att se under:\u00a0http:\/\/www.libemaprofcycling.nl\/uploads\/Uitslagen%2009-01-2016%20(1).pdfhttp:\/\/www.baanwacht.nl\/wp-content\/uploads\/2016\/01\/Uitslagen-10-01-2016.pdf<\/p>\n<p>Kommande landslagsuttagningar kommer att ske i samband med Ban-SM i Falun 13\/14 februari.<\/p>\n<p>\/\/David Mayer, F\u00f6rbundskapten<\/p>\n","protected":false},"excerpt":{"rendered":"<p>Svenska banlandslaget st\u00e4llde den g\u00e5ngna helgen upp p\u00e5 internationella bancykelt\u00e4vlingar enbart f\u00f6r juniorer i Holl\u00e4ndska Alkmaar. T\u00e4vlingar som har anordnats sedan 2009 har n\u00e5tt h\u00f6g status. Laura Trott, OS \u2013 och VM m\u00e4starinna fr\u00e5n 2012, bara f\u00f6r att n\u00e4mna en bland flertalet framg\u00e5ngsrika cyklister som deltagit. Uttagna cyklister till Junior Trials var Jacob Johnsson,<a href=\"https:\/\/scf.se\/bancykel\/landslag\/landslagsrapporter\/rapport-fran-banlandslaget-i-alkmaarholland\/\" class=\"news-card__more\"> &#8230;<\/a><\/p>\n","protected":false},"author":2,"featured_media":0,"parent":71,"menu_order":0,"comment_status":"closed","ping_status":"closed","template":"","meta":{"_acf_changed":false,"footnotes":""},"class_list":["post-218","page","type-page","status-publish","hentry"],"acf":[],"_links":{"self":[{"href":"https:\/\/scf.se\/bancykel\/wp-json\/wp\/v2\/pages\/218","targetHints":{"allow":["GET"]}}],"collection":[{"href":"https:\/\/scf.se\/bancykel\/wp-json\/wp\/v2\/pages"}],"about":[{"href":"https:\/\/scf.se\/bancykel\/wp-json\/wp\/v2\/types\/page"}],"author":[{"embeddable":true,"href":"https:\/\/scf.se\/bancykel\/wp-json\/wp\/v2\/users\/2"}],"replies":[{"embeddable":true,"href":"https:\/\/scf.se\/bancykel\/wp-json\/wp\/v2\/comments?post=218"}],"version-history":[{"count":0,"href":"https:\/\/scf.se\/bancykel\/wp-json\/wp\/v2\/pages\/218\/revisions"}],"up":[{"embeddable":true,"href":"https:\/\/scf.se\/bancykel\/wp-json\/wp\/v2\/pages\/71"}],"wp:attachment":[{"href":"https:\/\/scf.se\/bancykel\/wp-json\/wp\/v2\/media?parent=218"}],"curies":[{"name":"wp","href":"https:\/\/api.w.org\/{rel}","templated":true}]}}